{"id":29302,"date":"2024-02-27T11:01:07","date_gmt":"2024-02-27T10:01:07","guid":{"rendered":"https:\/\/rez-care.com\/?page_id=29302"},"modified":"2026-04-10T11:34:45","modified_gmt":"2026-04-10T09:34:45","slug":"blog","status":"publish","type":"page","link":"https:\/\/rez-care.com\/fr\/blog\/","title":{"rendered":"BLOG"},"content":{"rendered":"\n[et_pb_section fb_built=\u00a0\u00bb1&Prime; admin_label=\u00a0\u00bbBlog\u00a0\u00bb _builder_version=\u00a0\u00bb4.24.2&Prime; _module_preset=\u00a0\u00bbdefault\u00a0\u00bb background_color=\u00a0\u00bb#f4f4f4&Prime; collapsed=\u00a0\u00bbon\u00a0\u00bb global_colors_info=\u00a0\u00bb{}\u00a0\u00bb][et_pb_row _builder_version=\u00a0\u00bb4.22.0&Prime; _module_preset=\u00a0\u00bbdefault\u00a0\u00bb global_colors_info=\u00a0\u00bb{}\u00a0\u00bb][et_pb_column type=\u00a0\u00bb4_4&Prime; _builder_version=\u00a0\u00bb4.22.0&Prime; _module_preset=\u00a0\u00bbdefault\u00a0\u00bb global_colors_info=\u00a0\u00bb{}\u00a0\u00bb][et_pb_text _builder_version=\u00a0\u00bb4.24.2&Prime; _module_preset=\u00a0\u00bb_initial\u00a0\u00bb text_text_color=\u00a0\u00bb#0ca5bd\u00a0\u00bb header_font=\u00a0\u00bbBayon||||||||\u00a0\u00bb header_text_color=\u00a0\u00bbgcid-bfa7fe62-254b-41c2-9e7c-1655cf29ea48&Prime; header_font_size=\u00a0\u00bb75px\u00a0\u00bb header_line_height=\u00a0\u00bb0.9em\u00a0\u00bb header_font_size_tablet=\u00a0\u00bb40px\u00a0\u00bb header_font_size_phone=\u00a0\u00bb24px\u00a0\u00bb header_font_size_last_edited=\u00a0\u00bbon|desktop\u00a0\u00bb global_colors_info=\u00a0\u00bb{%22gcid-bfa7fe62-254b-41c2-9e7c-1655cf29ea48%22:%91%22header_text_color%22%93}\u00a0\u00bb]<h1>Blog<\/h1>[\/et_pb_text][et_pb_blog fullwidth=\u00a0\u00bboff\u00a0\u00bb posts_number=\u00a0\u00bb50&Prime; show_more=\u00a0\u00bbon\u00a0\u00bb show_author=\u00a0\u00bboff\u00a0\u00bb _builder_version=\u00a0\u00bb4.27.4&Prime; _module_preset=\u00a0\u00bb_initial\u00a0\u00bb header_font=\u00a0\u00bbBayon||||||||\u00a0\u00bb header_font_size=\u00a0\u00bb20px\u00a0\u00bb header_line_height=\u00a0\u00bb1.4em\u00a0\u00bb body_font=\u00a0\u00bbInter||||||||\u00a0\u00bb body_line_height=\u00a0\u00bb1.6em\u00a0\u00bb meta_font=\u00a0\u00bbInter||||||||\u00a0\u00bb meta_text_color=\u00a0\u00bbgcid-bfa7fe62-254b-41c2-9e7c-1655cf29ea48&Prime; meta_line_height=\u00a0\u00bb1.6em\u00a0\u00bb read_more_text_color=\u00a0\u00bb#ff5a17&Prime; pagination_font=\u00a0\u00bbInter|700||on|||||\u00a0\u00bb pagination_text_color=\u00a0\u00bb#FFFFFF\u00a0\u00bb pagination_letter_spacing=\u00a0\u00bb1px\u00a0\u00bb hover_enabled=\u00a0\u00bb0&Prime; header_font_size_tablet=\u00a0\u00bb16px\u00a0\u00bb header_font_size_phone=\u00a0\u00bb14px\u00a0\u00bb header_font_size_last_edited=\u00a0\u00bbon|desktop\u00a0\u00bb border_radii=\u00a0\u00bbon|20px|20px|20px|20px\u00a0\u00bb border_width_all=\u00a0\u00bb0px\u00a0\u00bb locked=\u00a0\u00bboff\u00a0\u00bb global_colors_info=\u00a0\u00bb{%22gcid-bfa7fe62-254b-41c2-9e7c-1655cf29ea48%22:%91%22meta_text_color%22%93}\u00a0\u00bb use_manual_excerpt=\u00a0\u00bboff\u00a0\u00bb sticky_enabled=\u00a0\u00bb0&Prime;][\/et_pb_blog][\/et_pb_column][\/et_pb_row][\/et_pb_section][et_pb_section fb_built=\u00a0\u00bb1&Prime; admin_label=\u00a0\u00bbSubscribe\u00a0\u00bb _builder_version=\u00a0\u00bb4.24.2&Prime; _module_preset=\u00a0\u00bbdefault\u00a0\u00bb background_color=\u00a0\u00bbgcid-28366106-ecf8-496b-97f0-6a9be6882356&Prime; locked=\u00a0\u00bboff\u00a0\u00bb collapsed=\u00a0\u00bbon\u00a0\u00bb global_colors_info=\u00a0\u00bb{%22gcid-28366106-ecf8-496b-97f0-6a9be6882356%22:%91%22background_color%22%93}\u00a0\u00bb][et_pb_row column_structure=\u00a0\u00bb1_2,1_2&Prime; make_equal=\u00a0\u00bbon\u00a0\u00bb _builder_version=\u00a0\u00bb4.24.2&Prime; _module_preset=\u00a0\u00bbdefault\u00a0\u00bb global_colors_info=\u00a0\u00bb{}\u00a0\u00bb][et_pb_column type=\u00a0\u00bb1_2&Prime; _builder_version=\u00a0\u00bb4.24.2&Prime; _module_preset=\u00a0\u00bbdefault\u00a0\u00bb background_image=\u00a0\u00bbhttps:\/\/rez-care.com\/wp-content\/uploads\/2024\/02\/d-wqjd9acrm.jpg\u00a0\u00bb border_radii=\u00a0\u00bbon|20px|20px|20px|20px\u00a0\u00bb global_colors_info=\u00a0\u00bb{}\u00a0\u00bb][et_pb_divider show_divider=\u00a0\u00bboff\u00a0\u00bb _builder_version=\u00a0\u00bb4.22.0&Prime; _module_preset=\u00a0\u00bbdefault\u00a0\u00bb height_tablet=\u00a0\u00bb40vw\u00a0\u00bb height_phone=\u00a0\u00bb40vw\u00a0\u00bb height_last_edited=\u00a0\u00bbon|desktop\u00a0\u00bb locked=\u00a0\u00bboff\u00a0\u00bb global_colors_info=\u00a0\u00bb{}\u00a0\u00bb][\/et_pb_divider][\/et_pb_column][et_pb_column type=\u00a0\u00bb1_2&Prime; _builder_version=\u00a0\u00bb4.22.0&Prime; _module_preset=\u00a0\u00bbdefault\u00a0\u00bb custom_padding=\u00a0\u00bb60px||60px||true|false\u00a0\u00bb custom_padding_tablet=\u00a0\u00bb0px||0px||true|false\u00a0\u00bb custom_padding_phone=\u00a0\u00bb0px||0px||true|false\u00a0\u00bb custom_padding_last_edited=\u00a0\u00bbon|desktop\u00a0\u00bb global_colors_info=\u00a0\u00bb{}\u00a0\u00bb][et_pb_text _builder_version=\u00a0\u00bb4.24.2&Prime; _module_preset=\u00a0\u00bb_initial\u00a0\u00bb text_font=\u00a0\u00bb|||on|||||\u00a0\u00bb header_2_font=\u00a0\u00bbBayon||||||||\u00a0\u00bb header_2_text_color=\u00a0\u00bb#FFFFFF\u00a0\u00bb header_2_font_size=\u00a0\u00bb52px\u00a0\u00bb custom_margin=\u00a0\u00bb||10px||false|false\u00a0\u00bb header_2_font_size_tablet=\u00a0\u00bb32px\u00a0\u00bb header_2_font_size_phone=\u00a0\u00bb20px\u00a0\u00bb header_2_font_size_last_edited=\u00a0\u00bbon|desktop\u00a0\u00bb global_colors_info=\u00a0\u00bb{}\u00a0\u00bb]<h2>RESTONS EN CONTACT !<\/h2>[\/et_pb_text][et_pb_text _builder_version=\u00a0\u00bb4.24.2&Prime; _module_preset=\u00a0\u00bb_initial\u00a0\u00bb text_font=\u00a0\u00bbInter||||||||\u00a0\u00bb text_text_color=\u00a0\u00bb#FFFFFF\u00a0\u00bb text_font_size=\u00a0\u00bb16px\u00a0\u00bb text_line_height=\u00a0\u00bb1.8em\u00a0\u00bb text_font_size_tablet=\u00a0\u00bb15px\u00a0\u00bb text_font_size_phone=\u00a0\u00bb14px\u00a0\u00bb text_font_size_last_edited=\u00a0\u00bbon|desktop\u00a0\u00bb global_colors_info=\u00a0\u00bb{}\u00a0\u00bb]<p>Recevez nos articles directement dans votre bo\u00eete email.<\/p>[\/et_pb_text][et_pb_signup mailchimp_list=\u00a0\u00bbundefined|elegantthemestest|1ea2bbd026&Prime; name_field=\u00a0\u00bbon\u00a0\u00bb button_text=\u00a0\u00bbS&rsquo;abonner\u00a0\u00bb use_spam_service=\u00a0\u00bbon\u00a0\u00bb recaptcha_list=\u00a0\u00bbadd_new_account\u00a0\u00bb _builder_version=\u00a0\u00bb4.24.2&Prime; _module_preset=\u00a0\u00bb_initial\u00a0\u00bb form_field_background_color=\u00a0\u00bbRGBA(255,255,255,0)\u00a0\u00bb form_field_text_color=\u00a0\u00bb#FFFFFF\u00a0\u00bb form_field_custom_padding=\u00a0\u00bb12px|24px|12px|24px|true|true\u00a0\u00bb form_field_font=\u00a0\u00bbInter||||||||\u00a0\u00bb form_field_font_size=\u00a0\u00bb16px\u00a0\u00bb form_field_line_height=\u00a0\u00bb1.8em\u00a0\u00bb background_enable_color=\u00a0\u00bboff\u00a0\u00bb use_background_color=\u00a0\u00bboff\u00a0\u00bb custom_button=\u00a0\u00bbon\u00a0\u00bb button_text_size=\u00a0\u00bb14px\u00a0\u00bb button_text_color=\u00a0\u00bb#ff5a17&Prime; button_bg_color=\u00a0\u00bb#FFFFFF\u00a0\u00bb button_border_width=\u00a0\u00bb0px\u00a0\u00bb button_border_radius=\u00a0\u00bb100px\u00a0\u00bb button_letter_spacing=\u00a0\u00bb0.16em\u00a0\u00bb button_font=\u00a0\u00bbInter|700||on|||||\u00a0\u00bb button_custom_padding=\u00a0\u00bb12px|24px|12px|24px|true|true\u00a0\u00bb form_field_font_size_tablet=\u00a0\u00bb15px\u00a0\u00bb form_field_font_size_phone=\u00a0\u00bb14px\u00a0\u00bb form_field_font_size_last_edited=\u00a0\u00bbon|desktop\u00a0\u00bb border_radii_fields=\u00a0\u00bbon|0px|0px|0px|0px\u00a0\u00bb border_width_all_fields=\u00a0\u00bb2px\u00a0\u00bb border_color_all_fields=\u00a0\u00bb#FFFFFF\u00a0\u00bb locked=\u00a0\u00bboff\u00a0\u00bb global_colors_info=\u00a0\u00bb{%22gcid-28ee6c14-4dda-4188-8b60-5d7790f11e4d%22:%91%22border_color_all%22%93}\u00a0\u00bb][\/et_pb_signup][\/et_pb_column][\/et_pb_row][\/et_pb_section]\n","protected":false},"excerpt":{"rendered":"<p>BlogRESTONS EN CONTACT !Recevez nos articles directement dans votre bo\u00eete email.<\/p>\n","protected":false},"author":2,"featured_media":29313,"parent":0,"menu_order":0,"comment_status":"closed","ping_status":"closed","template":"","meta":{"_et_pb_use_builder":"on","_et_pb_old_content":"","_et_gb_content_width":"","footnotes":""},"class_list":["post-29302","page","type-page","status-publish","has-post-thumbnail","hentry"],"yoast_head":"<!-- This site is optimized with the Yoast SEO plugin v27.4 - https:\/\/yoast.com\/product\/yoast-seo-wordpress\/ -->\n<title>Identifier le harc\u00e8lement au travail et r\u00e9agir<\/title>\n<meta name=\"description\" content=\"Harc\u00e8lement, mobbing, discriminations au travail : victime, t\u00e9moin, RH, nos articles vous aident \u00e0 identifier, pr\u00e9venir et agir efficacement.\" \/>\n<meta name=\"robots\" content=\"index, follow, max-snippet:-1, max-image-preview:large, max-video-preview:-1\" \/>\n<link rel=\"canonical\" href=\"https:\/\/rez-care.com\/fr\/blog\/\" \/>\n<meta property=\"og:locale\" content=\"fr_FR\" \/>\n<meta property=\"og:type\" content=\"article\" \/>\n<meta property=\"og:title\" content=\"Identifier le harc\u00e8lement au travail et r\u00e9agir\" \/>\n<meta property=\"og:description\" content=\"Harc\u00e8lement, mobbing, discriminations au travail : victime, t\u00e9moin, RH, nos articles vous aident \u00e0 identifier, pr\u00e9venir et agir efficacement.\" \/>\n<meta property=\"og:url\" content=\"https:\/\/rez-care.com\/fr\/blog\/\" \/>\n<meta property=\"og:site_name\" content=\"rez-care.com\" \/>\n<meta property=\"article:modified_time\" content=\"2026-04-10T09:34:45+00:00\" \/>\n<meta property=\"og:image\" content=\"https:\/\/rez-care.com\/wp-content\/uploads\/2024\/02\/d-wqjd9acrm.jpg\" \/>\n\t<meta property=\"og:image:width\" content=\"1600\" \/>\n\t<meta property=\"og:image:height\" content=\"1067\" \/>\n\t<meta property=\"og:image:type\" content=\"image\/jpeg\" \/>\n<meta name=\"twitter:card\" content=\"summary_large_image\" \/>\n<meta name=\"twitter:label1\" content=\"Dur\u00e9e de lecture estim\u00e9e\" \/>\n\t<meta name=\"twitter:data1\" content=\"10 minutes\" \/>\n<script type=\"application\/ld+json\" class=\"yoast-schema-graph\">{\"@context\":\"https:\\\/\\\/schema.org\",\"@graph\":[{\"@type\":\"WebPage\",\"@id\":\"https:\\\/\\\/rez-care.com\\\/blog\\\/\",\"url\":\"https:\\\/\\\/rez-care.com\\\/blog\\\/\",\"name\":\"Identifier le harc\u00e8lement au travail et r\u00e9agir\",\"isPartOf\":{\"@id\":\"https:\\\/\\\/rez-care.com\\\/#website\"},\"primaryImageOfPage\":{\"@id\":\"https:\\\/\\\/rez-care.com\\\/blog\\\/#primaryimage\"},\"image\":{\"@id\":\"https:\\\/\\\/rez-care.com\\\/blog\\\/#primaryimage\"},\"thumbnailUrl\":\"https:\\\/\\\/rez-care.com\\\/wp-content\\\/uploads\\\/2024\\\/02\\\/d-wqjd9acrm.jpg\",\"datePublished\":\"2024-02-27T10:01:07+00:00\",\"dateModified\":\"2026-04-10T09:34:45+00:00\",\"description\":\"Harc\u00e8lement, mobbing, discriminations au travail : victime, t\u00e9moin, RH, nos articles vous aident \u00e0 identifier, pr\u00e9venir et agir efficacement.\",\"breadcrumb\":{\"@id\":\"https:\\\/\\\/rez-care.com\\\/blog\\\/#breadcrumb\"},\"inLanguage\":\"fr-FR\",\"potentialAction\":[{\"@type\":\"ReadAction\",\"target\":[\"https:\\\/\\\/rez-care.com\\\/blog\\\/\"]}]},{\"@type\":\"ImageObject\",\"inLanguage\":\"fr-FR\",\"@id\":\"https:\\\/\\\/rez-care.com\\\/blog\\\/#primaryimage\",\"url\":\"https:\\\/\\\/rez-care.com\\\/wp-content\\\/uploads\\\/2024\\\/02\\\/d-wqjd9acrm.jpg\",\"contentUrl\":\"https:\\\/\\\/rez-care.com\\\/wp-content\\\/uploads\\\/2024\\\/02\\\/d-wqjd9acrm.jpg\",\"width\":1600,\"height\":1067,\"caption\":\"yellow papers forming green heart hole\"},{\"@type\":\"BreadcrumbList\",\"@id\":\"https:\\\/\\\/rez-care.com\\\/blog\\\/#breadcrumb\",\"itemListElement\":[{\"@type\":\"ListItem\",\"position\":1,\"name\":\"Accueil\",\"item\":\"https:\\\/\\\/rez-care.com\\\/\"},{\"@type\":\"ListItem\",\"position\":2,\"name\":\"BLOG\"}]},{\"@type\":\"WebSite\",\"@id\":\"https:\\\/\\\/rez-care.com\\\/#website\",\"url\":\"https:\\\/\\\/rez-care.com\\\/\",\"name\":\"La plateforme rez-care.com\",\"description\":\"Pr\u00e9vention des risques psychosociaux et harc\u00e8lement au travail\",\"publisher\":{\"@id\":\"https:\\\/\\\/rez-care.com\\\/#organization\"},\"potentialAction\":[{\"@type\":\"SearchAction\",\"target\":{\"@type\":\"EntryPoint\",\"urlTemplate\":\"https:\\\/\\\/rez-care.com\\\/?s={search_term_string}\"},\"query-input\":{\"@type\":\"PropertyValueSpecification\",\"valueRequired\":true,\"valueName\":\"search_term_string\"}}],\"inLanguage\":\"fr-FR\"},{\"@type\":\"Organization\",\"@id\":\"https:\\\/\\\/rez-care.com\\\/#organization\",\"name\":\"La plateforme rez-care.com\",\"url\":\"https:\\\/\\\/rez-care.com\\\/\",\"logo\":{\"@type\":\"ImageObject\",\"inLanguage\":\"fr-FR\",\"@id\":\"https:\\\/\\\/rez-care.com\\\/#\\\/schema\\\/logo\\\/image\\\/\",\"url\":\"https:\\\/\\\/rez-care.com\\\/wp-content\\\/uploads\\\/2024\\\/02\\\/logo.png\",\"contentUrl\":\"https:\\\/\\\/rez-care.com\\\/wp-content\\\/uploads\\\/2024\\\/02\\\/logo.png\",\"width\":222,\"height\":227,\"caption\":\"La plateforme rez-care.com\"},\"image\":{\"@id\":\"https:\\\/\\\/rez-care.com\\\/#\\\/schema\\\/logo\\\/image\\\/\"}}]}<\/script>\n<!-- \/ Yoast SEO plugin. -->","yoast_head_json":{"title":"Identifier le harc\u00e8lement au travail et r\u00e9agir","description":"Harc\u00e8lement, mobbing, discriminations au travail : victime, t\u00e9moin, RH, nos articles vous aident \u00e0 identifier, pr\u00e9venir et agir efficacement.","robots":{"index":"index","follow":"follow","max-snippet":"max-snippet:-1","max-image-preview":"max-image-preview:large","max-video-preview":"max-video-preview:-1"},"canonical":"https:\/\/rez-care.com\/fr\/blog\/","og_locale":"fr_FR","og_type":"article","og_title":"Identifier le harc\u00e8lement au travail et r\u00e9agir","og_description":"Harc\u00e8lement, mobbing, discriminations au travail : victime, t\u00e9moin, RH, nos articles vous aident \u00e0 identifier, pr\u00e9venir et agir efficacement.","og_url":"https:\/\/rez-care.com\/fr\/blog\/","og_site_name":"rez-care.com","article_modified_time":"2026-04-10T09:34:45+00:00","og_image":[{"width":1600,"height":1067,"url":"https:\/\/rez-care.com\/wp-content\/uploads\/2024\/02\/d-wqjd9acrm.jpg","type":"image\/jpeg"}],"twitter_card":"summary_large_image","twitter_misc":{"Dur\u00e9e de lecture estim\u00e9e":"10 minutes"},"schema":{"@context":"https:\/\/schema.org","@graph":[{"@type":"WebPage","@id":"https:\/\/rez-care.com\/blog\/","url":"https:\/\/rez-care.com\/blog\/","name":"Identifier le harc\u00e8lement au travail et r\u00e9agir","isPartOf":{"@id":"https:\/\/rez-care.com\/#website"},"primaryImageOfPage":{"@id":"https:\/\/rez-care.com\/blog\/#primaryimage"},"image":{"@id":"https:\/\/rez-care.com\/blog\/#primaryimage"},"thumbnailUrl":"https:\/\/rez-care.com\/wp-content\/uploads\/2024\/02\/d-wqjd9acrm.jpg","datePublished":"2024-02-27T10:01:07+00:00","dateModified":"2026-04-10T09:34:45+00:00","description":"Harc\u00e8lement, mobbing, discriminations au travail : victime, t\u00e9moin, RH, nos articles vous aident \u00e0 identifier, pr\u00e9venir et agir efficacement.","breadcrumb":{"@id":"https:\/\/rez-care.com\/blog\/#breadcrumb"},"inLanguage":"fr-FR","potentialAction":[{"@type":"ReadAction","target":["https:\/\/rez-care.com\/blog\/"]}]},{"@type":"ImageObject","inLanguage":"fr-FR","@id":"https:\/\/rez-care.com\/blog\/#primaryimage","url":"https:\/\/rez-care.com\/wp-content\/uploads\/2024\/02\/d-wqjd9acrm.jpg","contentUrl":"https:\/\/rez-care.com\/wp-content\/uploads\/2024\/02\/d-wqjd9acrm.jpg","width":1600,"height":1067,"caption":"yellow papers forming green heart hole"},{"@type":"BreadcrumbList","@id":"https:\/\/rez-care.com\/blog\/#breadcrumb","itemListElement":[{"@type":"ListItem","position":1,"name":"Accueil","item":"https:\/\/rez-care.com\/"},{"@type":"ListItem","position":2,"name":"BLOG"}]},{"@type":"WebSite","@id":"https:\/\/rez-care.com\/#website","url":"https:\/\/rez-care.com\/","name":"La plateforme rez-care.com","description":"Pr\u00e9vention des risques psychosociaux et harc\u00e8lement au travail","publisher":{"@id":"https:\/\/rez-care.com\/#organization"},"potentialAction":[{"@type":"SearchAction","target":{"@type":"EntryPoint","urlTemplate":"https:\/\/rez-care.com\/?s={search_term_string}"},"query-input":{"@type":"PropertyValueSpecification","valueRequired":true,"valueName":"search_term_string"}}],"inLanguage":"fr-FR"},{"@type":"Organization","@id":"https:\/\/rez-care.com\/#organization","name":"La plateforme rez-care.com","url":"https:\/\/rez-care.com\/","logo":{"@type":"ImageObject","inLanguage":"fr-FR","@id":"https:\/\/rez-care.com\/#\/schema\/logo\/image\/","url":"https:\/\/rez-care.com\/wp-content\/uploads\/2024\/02\/logo.png","contentUrl":"https:\/\/rez-care.com\/wp-content\/uploads\/2024\/02\/logo.png","width":222,"height":227,"caption":"La plateforme rez-care.com"},"image":{"@id":"https:\/\/rez-care.com\/#\/schema\/logo\/image\/"}}]}},"_links":{"self":[{"href":"https:\/\/rez-care.com\/fr\/wp-json\/wp\/v2\/pages\/29302","targetHints":{"allow":["GET"]}}],"collection":[{"href":"https:\/\/rez-care.com\/fr\/wp-json\/wp\/v2\/pages"}],"about":[{"href":"https:\/\/rez-care.com\/fr\/wp-json\/wp\/v2\/types\/page"}],"author":[{"embeddable":true,"href":"https:\/\/rez-care.com\/fr\/wp-json\/wp\/v2\/users\/2"}],"replies":[{"embeddable":true,"href":"https:\/\/rez-care.com\/fr\/wp-json\/wp\/v2\/comments?post=29302"}],"version-history":[{"count":9,"href":"https:\/\/rez-care.com\/fr\/wp-json\/wp\/v2\/pages\/29302\/revisions"}],"predecessor-version":[{"id":30203,"href":"https:\/\/rez-care.com\/fr\/wp-json\/wp\/v2\/pages\/29302\/revisions\/30203"}],"wp:featuredmedia":[{"embeddable":true,"href":"https:\/\/rez-care.com\/fr\/wp-json\/wp\/v2\/media\/29313"}],"wp:attachment":[{"href":"https:\/\/rez-care.com\/fr\/wp-json\/wp\/v2\/media?parent=29302"}],"curies":[{"name":"wp","href":"https:\/\/api.w.org\/{rel}","templated":true}]}}