{"id":28989,"date":"2024-02-08T17:56:15","date_gmt":"2024-02-08T16:56:15","guid":{"rendered":"https:\/\/rez-care.com\/?page_id=28989"},"modified":"2024-02-26T21:47:29","modified_gmt":"2024-02-26T20:47:29","slug":"cgv","status":"publish","type":"page","link":"https:\/\/rez-care.com\/fr\/cgv\/","title":{"rendered":"CONDITIONS GENERALES"},"content":{"rendered":"<p>[et_pb_section fb_built=\u00a0\u00bb1&Prime; _builder_version=\u00a0\u00bb4.24.0&Prime; _module_preset=\u00a0\u00bbdefault\u00a0\u00bb background_image=\u00a0\u00bbhttps:\/\/rez-care.com\/wp-content\/uploads\/2024\/02\/tnc-scaled.jpg\u00a0\u00bb parallax=\u00a0\u00bbon\u00a0\u00bb global_colors_info=\u00a0\u00bb{}\u00a0\u00bb][et_pb_row _builder_version=\u00a0\u00bb4.24.0&Prime; _module_preset=\u00a0\u00bbdefault\u00a0\u00bb global_colors_info=\u00a0\u00bb{}\u00a0\u00bb][et_pb_column type=\u00a0\u00bb4_4&Prime; _builder_version=\u00a0\u00bb4.24.0&Prime; _module_preset=\u00a0\u00bbdefault\u00a0\u00bb global_colors_info=\u00a0\u00bb{}\u00a0\u00bb][et_pb_heading title=\u00a0\u00bbConditions g\u00e9n\u00e9rales\u00a0\u00bb _builder_version=\u00a0\u00bb4.24.0&Prime; _module_preset=\u00a0\u00bbdefault\u00a0\u00bb title_font=\u00a0\u00bb|600|||||||\u00a0\u00bb title_text_align=\u00a0\u00bbcenter\u00a0\u00bb title_text_color=\u00a0\u00bb#FFFFFF\u00a0\u00bb global_colors_info=\u00a0\u00bb{}\u00a0\u00bb][\/et_pb_heading][\/et_pb_column][\/et_pb_row][\/et_pb_section][et_pb_section fb_built=\u00a0\u00bb1&Prime; _builder_version=\u00a0\u00bb4.24.0&Prime; _module_preset=\u00a0\u00bbdefault\u00a0\u00bb global_colors_info=\u00a0\u00bb{}\u00a0\u00bb][et_pb_row _builder_version=\u00a0\u00bb4.24.0&Prime; _module_preset=\u00a0\u00bbdefault\u00a0\u00bb global_colors_info=\u00a0\u00bb{}\u00a0\u00bb][et_pb_column type=\u00a0\u00bb4_4&Prime; _builder_version=\u00a0\u00bb4.24.0&Prime; _module_preset=\u00a0\u00bbdefault\u00a0\u00bb global_colors_info=\u00a0\u00bb{}\u00a0\u00bb][et_pb_text _builder_version=\u00a0\u00bb4.24.0&Prime; _module_preset=\u00a0\u00bbdefault\u00a0\u00bb global_colors_info=\u00a0\u00bb{}\u00a0\u00bb]<\/p>\n<section id=\"page-content\" class=\"sidebar-right\">\n<div class=\"container\">\n<section id=\"page-content\" class=\"sidebar-right\">\n<div class=\"container\">\n<h3>1. Champ d\u2019application<\/h3>\n<p>Les pr\u00e9sentes conditions g\u00e9n\u00e9rales (ci-apr\u00e8s, les \u00ab <strong>Conditions g\u00e9n\u00e9rales<\/strong> \u00bb) r\u00e9gissent l\u2019ensemble des relations entre REZ-CARE S\u00e0rl, dont le si\u00e8ge est sis au <i>Rue Jean-F. Bartholoni 6, c\/o Tal Schibler, avocat, DGE Avocats, 1204 Gen\u00e8ve <\/i><span style=\"font-size: 14px;\">&#8211; Suisse (ci-apr\u00e8s, \u00ab <\/span><strong style=\"font-size: 14px;\">REZ-CARE S\u00e0rl <\/strong><span style=\"font-size: 14px;\">\u00a0\u00bb) et l\u2019utilisateur (ci-apr\u00e8s, l\u2019\u00ab <\/span><strong style=\"font-size: 14px;\">Utilisateur<\/strong><span style=\"font-size: 14px;\"> \u00bb).<\/span><\/p>\n<p>La d\u00e9finition attribu\u00e9e \u00e0 un terme singulier s\u2019applique \u00e9galement \u00e0 ce terme lorsqu\u2019il est employ\u00e9 au pluriel et vice versa. Il en est de m\u00eame concernant l\u2019utilisation du genre masculin ou f\u00e9minin.<\/p>\n<h3>2. Services propos\u00e9s<\/h3>\n<p>La mission de REZ-CARE S\u00e0rl est de renforcer l\u2019inclusion dans le monde du travail en concevant et proposant des solutions constructives et pragmatiques afin d\u2019accompagner \u00e0 la fois les employ\u00e9.es affect\u00e9.es par le harc\u00e8lement et les discriminations de toutes les formes ; et fournir du conseil et prestations de services aux employeurs pour soutenir la transformation culturelle et organisationnelle vers plus d\u2019inclusivit\u00e9.<\/p>\n<p>A cette fin, REZ-CARE S\u00e0rl propose une large gamme de services (ci-apr\u00e8s. les \u00ab Services \u00bb), dont notamment :<\/p>\n<ul>\n<li>une plateforme s\u00e9curis\u00e9e permettant la d\u00e9nonciation d\u2019une situation professionnelle probl\u00e9matique en toute confidentialit\u00e9 ;<\/li>\n<li>une plateforme permettant la mise en relation d\u2019employ\u00e9.es ou d\u2019employeurs avec des professionnel.les \u00e0 m\u00eame de les assister, ainsi que l\u2019organisation d\u2019une rencontre en pr\u00e9sentiel ou virtuelle entre ces parties ;<\/li>\n<li>une plateforme permettant d\u2019organiser des ateliers virtuels ;<\/li>\n<li>une base de donn\u00e9es contenant des publications en lien avec la mission de REZ-CARE S\u00e0rl .<\/li>\n<\/ul>\n<p>Dans les cas o\u00f9 la prestation de REZ-CARE S\u00e0rl consiste en la mise en relation de deux personnes au moins, le contrat pour la prestation offerte par l\u2019une ou plusieurs de ces personnes (ci-apr\u00e8s, le \u00ab <strong>Prestataire<\/strong> \u00bb) est directement conclu avec la ou les autres personnes impliqu\u00e9es (ci-apr\u00e8s, le \u00ab <strong>Client du Prestataire<\/strong> \u00bb) (tant le Prestataire que le Client du Prestataire sont des Utilisateurs au sens des pr\u00e9sentes Conditions g\u00e9n\u00e9rales). Par souci de clart\u00e9, il est pr\u00e9cis\u00e9 que REZ-CARE S\u00e0rl n\u2019est pas partie \u00e0 la relation entre le Prestataire et le Client du Prestataire et qu\u2019aucune de ces parties ne peut faire valoir des pr\u00e9tentions \u00e0 l\u2019encontre de REZ-CARE S\u00e0rl du fait de cette relation.<\/p>\n<h3>3. Acceptation et modification des Conditions g\u00e9n\u00e9rales<\/h3>\n<p>En cr\u00e9ant un compte sur la plateforme mise \u00e0 disposition par REZ-CARE S\u00e0rl , l\u2019Utilisateur accepte pleinement et sans r\u00e9serve les Conditions g\u00e9n\u00e9rales.<\/p>\n<p>REZ-CARE S\u00e0rl peut modifier les pr\u00e9sentes Conditions g\u00e9n\u00e9rales \u00e0 tout moment. L\u2019Utilisateur est inform\u00e9 au pr\u00e9alable, par \u00e9crit ou de toute autre mani\u00e8re appropri\u00e9e. A d\u00e9faut de r\u00e9siliation du contrat, mat\u00e9rialis\u00e9 par la cl\u00f4ture de son compte sur le site internet de REZ-CARE S\u00e0rl , l\u2019Utilisateur accepte pleinement et sans r\u00e9serve les Conditions g\u00e9n\u00e9rales g\u00e9n\u00e9rales modifi\u00e9es, qui sont applicables d\u00e8s leur date d\u2019entr\u00e9e en vigueur et qui s\u2019appliquent r\u00e9troactivement aux relations entre REZ-CARE S\u00e0rl et l\u2019Utilisateur.<\/p>\n<h3>4. Frais<\/h3>\n<p>L\u2019Utilisateur ne peut utiliser les Services qu\u2019apr\u00e8s paiement des frais y aff\u00e9rents, selon les modalit\u00e9s expos\u00e9es sur la plateforme ou sur le site internet de REZ-CARE S\u00e0rl .<\/p>\n<h3>5. Confidentialit\u00e9 et protection des donn\u00e9es<\/h3>\n<p>REZ-CARE S\u00e0rl collecte et traite des donn\u00e9es personnelles de l\u2019Utilisateur selon les modalit\u00e9s d\u00e9crites dans la D\u00e9claration relative \u00e0 la protection des donn\u00e9es disponible sur la plateforme ou sur le site internet de REZ-CARE S\u00e0rl .<\/p>\n<h3>6. Respect des lois<\/h3>\n<p>REZ-CARE S\u00e0rl respecte pleinement les lois des juridictions dans lesquelles ses Services sont disponibles, en particulier s\u2019agissant de la protection des donn\u00e9es et de la protection des lanceurs d\u2019alerte.<\/p>\n<h3>7. Exclusion de garantie et de responsabilit\u00e9<\/h3>\n<p>REZ-CARE S\u00e0rl v\u00e9rifie avec soin les qualifications et comp\u00e9tences des Prestataires pr\u00e9sents sur sa plateforme. De plus, REZ-CARE S\u00e0rl fournit ses meilleurs efforts pour s\u2019assurer que les personnes qui cherchent un Prestataire soient mises en relation avec les Prestataires les plus aptes \u00e0 r\u00e9pondre \u00e0 leurs attentes. Cependant, l\u2019Utilisateur comprend et accepte que REZ-CARE S\u00e0rl ne peut offrir aucune garantie quant \u00e0 la qualit\u00e9 et \u00e0 l\u2019ad\u00e9quation des services offerts par les Prestataires. Si ces services devaient s\u2019av\u00e9rer inad\u00e9quats ou dommageables, il appartiendrait au Client du Prestataire d\u2019agir directement et exclusivement \u00e0 l\u2019encontre du Prestataire.<\/p>\n<p>REZ-CARE S\u00e0rl ne peut en aucun cas \u00eatre tenu pour responsable d\u2019un quelconque dommage subi par un Utilisateur du fait de l\u2019usage d\u2019un Service.<\/p>\n<h3>8. Droit applicable et for<\/h3>\n<p>Toutes les relations juridiques entre REZ-CARE S\u00e0rl et l\u2019Utilisateur sont r\u00e9gies par le droit mat\u00e9riel suisse, \u00e0 l\u2019exclusion de r\u00e8gles sur les conflits de lois.<\/p>\n<p>Le for exclusif pour tout diff\u00e9rend et le lieu d\u2019ex\u00e9cution pour toute obligation est au si\u00e8ge de REZ-CARE S\u00e0rl , soit \u00e0 Gen\u00e8ve, Suisse. Le recours au Tribunal f\u00e9d\u00e9ral est r\u00e9serv\u00e9.<\/p>\n<\/div>\n<\/section>\n<\/div>\n<\/section>\n<p>[\/et_pb_text][\/et_pb_column][\/et_pb_row][\/et_pb_section]<\/p>\n","protected":false},"excerpt":{"rendered":"<p>1. Champ d\u2019application Les pr\u00e9sentes conditions g\u00e9n\u00e9rales (ci-apr\u00e8s, les \u00ab Conditions g\u00e9n\u00e9rales \u00bb) r\u00e9gissent l\u2019ensemble des relations entre REZ-CARE S\u00e0rl, dont le si\u00e8ge est sis au Rue Jean-F. Bartholoni 6, c\/o Tal Schibler, avocat, DGE Avocats, 1204 Gen\u00e8ve &#8211; Suisse (ci-apr\u00e8s, \u00ab REZ-CARE S\u00e0rl \u00a0\u00bb) et l\u2019utilisateur (ci-apr\u00e8s, l\u2019\u00ab Utilisateur \u00bb). La d\u00e9finition attribu\u00e9e \u00e0 [&hellip;]<\/p>\n","protected":false},"author":1,"featured_media":0,"parent":0,"menu_order":0,"comment_status":"closed","ping_status":"closed","template":"","meta":{"_et_pb_use_builder":"on","_et_pb_old_content":"","_et_gb_content_width":"","footnotes":""},"class_list":["post-28989","page","type-page","status-publish","hentry"],"yoast_head":"<!-- This site is optimized with the Yoast SEO plugin v27.4 - https:\/\/yoast.com\/product\/yoast-seo-wordpress\/ -->\n<title>CONDITIONS GENERALES - rez-care.com<\/title>\n<meta name=\"robots\" content=\"index, follow, max-snippet:-1, max-image-preview:large, max-video-preview:-1\" \/>\n<link rel=\"canonical\" href=\"https:\/\/rez-care.com\/fr\/cgv\/\" \/>\n<meta property=\"og:locale\" content=\"fr_FR\" \/>\n<meta property=\"og:type\" content=\"article\" \/>\n<meta property=\"og:title\" content=\"CONDITIONS GENERALES - rez-care.com\" \/>\n<meta property=\"og:description\" content=\"1. Champ d\u2019application Les pr\u00e9sentes conditions g\u00e9n\u00e9rales (ci-apr\u00e8s, les \u00ab Conditions g\u00e9n\u00e9rales \u00bb) r\u00e9gissent l\u2019ensemble des relations entre REZ-CARE S\u00e0rl, dont le si\u00e8ge est sis au Rue Jean-F. Bartholoni 6, c\/o Tal Schibler, avocat, DGE Avocats, 1204 Gen\u00e8ve - Suisse (ci-apr\u00e8s, \u00ab REZ-CARE S\u00e0rl \u00a0\u00bb) et l\u2019utilisateur (ci-apr\u00e8s, l\u2019\u00ab Utilisateur \u00bb). La d\u00e9finition attribu\u00e9e \u00e0 [&hellip;]\" \/>\n<meta property=\"og:url\" content=\"https:\/\/rez-care.com\/fr\/cgv\/\" \/>\n<meta property=\"og:site_name\" content=\"rez-care.com\" \/>\n<meta property=\"article:modified_time\" content=\"2024-02-26T20:47:29+00:00\" \/>\n<meta name=\"twitter:card\" content=\"summary_large_image\" \/>\n<meta name=\"twitter:label1\" content=\"Dur\u00e9e de lecture estim\u00e9e\" \/>\n\t<meta name=\"twitter:data1\" content=\"5 minutes\" \/>\n<script type=\"application\/ld+json\" class=\"yoast-schema-graph\">{\"@context\":\"https:\\\/\\\/schema.org\",\"@graph\":[{\"@type\":\"WebPage\",\"@id\":\"https:\\\/\\\/rez-care.com\\\/cgv\\\/\",\"url\":\"https:\\\/\\\/rez-care.com\\\/cgv\\\/\",\"name\":\"CONDITIONS GENERALES - rez-care.com\",\"isPartOf\":{\"@id\":\"https:\\\/\\\/rez-care.com\\\/#website\"},\"datePublished\":\"2024-02-08T16:56:15+00:00\",\"dateModified\":\"2024-02-26T20:47:29+00:00\",\"breadcrumb\":{\"@id\":\"https:\\\/\\\/rez-care.com\\\/cgv\\\/#breadcrumb\"},\"inLanguage\":\"fr-FR\",\"potentialAction\":[{\"@type\":\"ReadAction\",\"target\":[\"https:\\\/\\\/rez-care.com\\\/cgv\\\/\"]}]},{\"@type\":\"BreadcrumbList\",\"@id\":\"https:\\\/\\\/rez-care.com\\\/cgv\\\/#breadcrumb\",\"itemListElement\":[{\"@type\":\"ListItem\",\"position\":1,\"name\":\"Accueil\",\"item\":\"https:\\\/\\\/rez-care.com\\\/\"},{\"@type\":\"ListItem\",\"position\":2,\"name\":\"CONDITIONS GENERALES\"}]},{\"@type\":\"WebSite\",\"@id\":\"https:\\\/\\\/rez-care.com\\\/#website\",\"url\":\"https:\\\/\\\/rez-care.com\\\/\",\"name\":\"La plateforme rez-care.com\",\"description\":\"Pr\u00e9vention des risques psychosociaux et harc\u00e8lement au travail\",\"publisher\":{\"@id\":\"https:\\\/\\\/rez-care.com\\\/#organization\"},\"potentialAction\":[{\"@type\":\"SearchAction\",\"target\":{\"@type\":\"EntryPoint\",\"urlTemplate\":\"https:\\\/\\\/rez-care.com\\\/?s={search_term_string}\"},\"query-input\":{\"@type\":\"PropertyValueSpecification\",\"valueRequired\":true,\"valueName\":\"search_term_string\"}}],\"inLanguage\":\"fr-FR\"},{\"@type\":\"Organization\",\"@id\":\"https:\\\/\\\/rez-care.com\\\/#organization\",\"name\":\"La plateforme rez-care.com\",\"url\":\"https:\\\/\\\/rez-care.com\\\/\",\"logo\":{\"@type\":\"ImageObject\",\"inLanguage\":\"fr-FR\",\"@id\":\"https:\\\/\\\/rez-care.com\\\/#\\\/schema\\\/logo\\\/image\\\/\",\"url\":\"https:\\\/\\\/rez-care.com\\\/wp-content\\\/uploads\\\/2024\\\/02\\\/logo.png\",\"contentUrl\":\"https:\\\/\\\/rez-care.com\\\/wp-content\\\/uploads\\\/2024\\\/02\\\/logo.png\",\"width\":222,\"height\":227,\"caption\":\"La plateforme rez-care.com\"},\"image\":{\"@id\":\"https:\\\/\\\/rez-care.com\\\/#\\\/schema\\\/logo\\\/image\\\/\"}}]}<\/script>\n<!-- \/ Yoast SEO plugin. -->","yoast_head_json":{"title":"CONDITIONS GENERALES - rez-care.com","robots":{"index":"index","follow":"follow","max-snippet":"max-snippet:-1","max-image-preview":"max-image-preview:large","max-video-preview":"max-video-preview:-1"},"canonical":"https:\/\/rez-care.com\/fr\/cgv\/","og_locale":"fr_FR","og_type":"article","og_title":"CONDITIONS GENERALES - rez-care.com","og_description":"1. Champ d\u2019application Les pr\u00e9sentes conditions g\u00e9n\u00e9rales (ci-apr\u00e8s, les \u00ab Conditions g\u00e9n\u00e9rales \u00bb) r\u00e9gissent l\u2019ensemble des relations entre REZ-CARE S\u00e0rl, dont le si\u00e8ge est sis au Rue Jean-F. Bartholoni 6, c\/o Tal Schibler, avocat, DGE Avocats, 1204 Gen\u00e8ve - Suisse (ci-apr\u00e8s, \u00ab REZ-CARE S\u00e0rl \u00a0\u00bb) et l\u2019utilisateur (ci-apr\u00e8s, l\u2019\u00ab Utilisateur \u00bb). La d\u00e9finition attribu\u00e9e \u00e0 [&hellip;]","og_url":"https:\/\/rez-care.com\/fr\/cgv\/","og_site_name":"rez-care.com","article_modified_time":"2024-02-26T20:47:29+00:00","twitter_card":"summary_large_image","twitter_misc":{"Dur\u00e9e de lecture estim\u00e9e":"5 minutes"},"schema":{"@context":"https:\/\/schema.org","@graph":[{"@type":"WebPage","@id":"https:\/\/rez-care.com\/cgv\/","url":"https:\/\/rez-care.com\/cgv\/","name":"CONDITIONS GENERALES - rez-care.com","isPartOf":{"@id":"https:\/\/rez-care.com\/#website"},"datePublished":"2024-02-08T16:56:15+00:00","dateModified":"2024-02-26T20:47:29+00:00","breadcrumb":{"@id":"https:\/\/rez-care.com\/cgv\/#breadcrumb"},"inLanguage":"fr-FR","potentialAction":[{"@type":"ReadAction","target":["https:\/\/rez-care.com\/cgv\/"]}]},{"@type":"BreadcrumbList","@id":"https:\/\/rez-care.com\/cgv\/#breadcrumb","itemListElement":[{"@type":"ListItem","position":1,"name":"Accueil","item":"https:\/\/rez-care.com\/"},{"@type":"ListItem","position":2,"name":"CONDITIONS GENERALES"}]},{"@type":"WebSite","@id":"https:\/\/rez-care.com\/#website","url":"https:\/\/rez-care.com\/","name":"La plateforme rez-care.com","description":"Pr\u00e9vention des risques psychosociaux et harc\u00e8lement au travail","publisher":{"@id":"https:\/\/rez-care.com\/#organization"},"potentialAction":[{"@type":"SearchAction","target":{"@type":"EntryPoint","urlTemplate":"https:\/\/rez-care.com\/?s={search_term_string}"},"query-input":{"@type":"PropertyValueSpecification","valueRequired":true,"valueName":"search_term_string"}}],"inLanguage":"fr-FR"},{"@type":"Organization","@id":"https:\/\/rez-care.com\/#organization","name":"La plateforme rez-care.com","url":"https:\/\/rez-care.com\/","logo":{"@type":"ImageObject","inLanguage":"fr-FR","@id":"https:\/\/rez-care.com\/#\/schema\/logo\/image\/","url":"https:\/\/rez-care.com\/wp-content\/uploads\/2024\/02\/logo.png","contentUrl":"https:\/\/rez-care.com\/wp-content\/uploads\/2024\/02\/logo.png","width":222,"height":227,"caption":"La plateforme rez-care.com"},"image":{"@id":"https:\/\/rez-care.com\/#\/schema\/logo\/image\/"}}]}},"_links":{"self":[{"href":"https:\/\/rez-care.com\/fr\/wp-json\/wp\/v2\/pages\/28989","targetHints":{"allow":["GET"]}}],"collection":[{"href":"https:\/\/rez-care.com\/fr\/wp-json\/wp\/v2\/pages"}],"about":[{"href":"https:\/\/rez-care.com\/fr\/wp-json\/wp\/v2\/types\/page"}],"author":[{"embeddable":true,"href":"https:\/\/rez-care.com\/fr\/wp-json\/wp\/v2\/users\/1"}],"replies":[{"embeddable":true,"href":"https:\/\/rez-care.com\/fr\/wp-json\/wp\/v2\/comments?post=28989"}],"version-history":[{"count":6,"href":"https:\/\/rez-care.com\/fr\/wp-json\/wp\/v2\/pages\/28989\/revisions"}],"predecessor-version":[{"id":29287,"href":"https:\/\/rez-care.com\/fr\/wp-json\/wp\/v2\/pages\/28989\/revisions\/29287"}],"wp:attachment":[{"href":"https:\/\/rez-care.com\/fr\/wp-json\/wp\/v2\/media?parent=28989"}],"curies":[{"name":"wp","href":"https:\/\/api.w.org\/{rel}","templated":true}]}}