{"id":28979,"date":"2024-02-08T17:54:21","date_gmt":"2024-02-08T16:54:21","guid":{"rendered":"https:\/\/rez-care.com\/?page_id=28979"},"modified":"2024-02-27T11:29:22","modified_gmt":"2024-02-27T10:29:22","slug":"gdpr-2","status":"publish","type":"page","link":"https:\/\/rez-care.com\/en\/gdpr-2\/","title":{"rendered":"GDPR"},"content":{"rendered":"<p>[et_pb_section fb_built=\u00a0\u00bb1&Prime; _builder_version=\u00a0\u00bb4.24.0&Prime; _module_preset=\u00a0\u00bbdefault\u00a0\u00bb background_image=\u00a0\u00bbhttps:\/\/rez-care.com\/wp-content\/uploads\/2024\/02\/gdpr.jpg\u00a0\u00bb parallax=\u00a0\u00bbon\u00a0\u00bb global_colors_info=\u00a0\u00bb{}\u00a0\u00bb][et_pb_row _builder_version=\u00a0\u00bb4.24.0&Prime; _module_preset=\u00a0\u00bbdefault\u00a0\u00bb global_colors_info=\u00a0\u00bb{}\u00a0\u00bb][et_pb_column type=\u00a0\u00bb4_4&Prime; _builder_version=\u00a0\u00bb4.24.0&Prime; _module_preset=\u00a0\u00bbdefault\u00a0\u00bb global_colors_info=\u00a0\u00bb{}\u00a0\u00bb][et_pb_heading title=\u00a0\u00bbD\u00e9claration relative \u00e0 la protection des donn\u00e9es\u00a0\u00bb _builder_version=\u00a0\u00bb4.24.0&Prime; _module_preset=\u00a0\u00bbdefault\u00a0\u00bb title_font=\u00a0\u00bb|600|||||||\u00a0\u00bb title_text_align=\u00a0\u00bbcenter\u00a0\u00bb title_text_color=\u00a0\u00bb#FFFFFF\u00a0\u00bb global_colors_info=\u00a0\u00bb{}\u00a0\u00bb][\/et_pb_heading][\/et_pb_column][\/et_pb_row][\/et_pb_section][et_pb_section fb_built=\u00a0\u00bb1&Prime; _builder_version=\u00a0\u00bb4.24.0&Prime; _module_preset=\u00a0\u00bbdefault\u00a0\u00bb global_colors_info=\u00a0\u00bb{}\u00a0\u00bb][et_pb_row _builder_version=\u00a0\u00bb4.24.0&Prime; _module_preset=\u00a0\u00bbdefault\u00a0\u00bb global_colors_info=\u00a0\u00bb{}\u00a0\u00bb][et_pb_column type=\u00a0\u00bb4_4&Prime; _builder_version=\u00a0\u00bb4.24.0&Prime; _module_preset=\u00a0\u00bbdefault\u00a0\u00bb global_colors_info=\u00a0\u00bb{}\u00a0\u00bb][et_pb_text _builder_version=\u00a0\u00bb4.24.0&Prime; _module_preset=\u00a0\u00bbdefault\u00a0\u00bb global_colors_info=\u00a0\u00bb{}\u00a0\u00bb]<\/p>\n<section id=\"page-content\" class=\"sidebar-right\">\n<div class=\"container\">\n<h3>1. Quelles donn\u00e9es collectons-nous ?<\/h3>\n<p>En fonction du type de service offert, REZ-CARE S\u00e0rl, dont le si\u00e8ge est sis Rue Jean-F. Bartholoni 6, c\/o Tal Schibler, avocat, DGE Avocats, 1204 Gen\u00e8ve, (ci-apr\u00e8s, \u00ab <strong>nous<\/strong> \u00bb) peut collecter et traiter les donn\u00e9es suivantes :<\/p>\n<ul>\n<li>Informations personnelles, notamment nom, pr\u00e9nom, adresse postale et \u00e9lectronique, num\u00e9ro de t\u00e9l\u00e9phone, nationalit\u00e9, date et lieu de naissance, sexe, photographie, \u00e9tat civil, situation professionnelle, niveau d\u2019\u00e9tudes, revenus ainsi que donn\u00e9es sur vos habitudes et pr\u00e9f\u00e9rences ;<\/li>\n<li>Informations li\u00e9es \u00e0 l\u2019usage de nos services, s\u2019agissant notamment de l\u2019identit\u00e9 ou des caract\u00e9ristiques des personnes avec qui vous avez \u00e9t\u00e9 mis en relation ou des documents que vous avez consult\u00e9s ;<\/li>\n<li>Informations li\u00e9es \u00e0 l\u2019usage de notre site internet, notamment adresse IP, type de navigateur utilis\u00e9, contenu des recherches effectu\u00e9es sur notre site, historique de navigation sur notre site y compris la date et la dur\u00e9e de la visite ainsi que informations de localisation.<\/li>\n<\/ul>\n<p>Ces donn\u00e9es peuvent concerner un utilisateur de notre site internet, un client potentiel, un client ainsi que toute autre personne en lien avec un client, \u00e0 quel titre que ce soit, dans la mesure o\u00f9 ces informations sont fournies par un client.<\/p>\n<h3>2. Dans quel but et comment traitons-nous vos donn\u00e9es personnelles ?<\/h3>\n<p>Conform\u00e9ment au r\u00e8glement g\u00e9n\u00e9ral europ\u00e9en sur la protection des donn\u00e9es (RGPD) et la loi f\u00e9d\u00e9rale suisse sur la protection des donn\u00e9es (LPD), nous collectons et traitons des donn\u00e9es personnelles pour l\u2019ex\u00e9cution de nos obligations contractuelles, l\u00e9gales et r\u00e8glementaires.<\/p>\n<p>Nous pouvons traiter automatiquement ces donn\u00e9es personnelles pour d\u00e9terminer certaines caract\u00e9ristiques telles que vos pr\u00e9f\u00e9rences personnelles, vos int\u00e9r\u00eats et votre comportement en fonction de l\u2019utilisation des services que nous offrons (profilage).<\/p>\n<p>Nous avons recours \u00e0 la prise de d\u00e9cision automatis\u00e9e dans le cadre du traitement de vos donn\u00e9es \u00e0 caract\u00e8re personnel afin de vous proposer des recommandations pertinentes s\u2019agissant de la mise en relation avec d\u2019autres utilisateurs. Nous ne recourons pas \u00e0 la prise de d\u00e9cision automatis\u00e9e \u00e0 d\u2019autres fins. Une \u00e9ventuelle modification de cette pratique dans le futur serait effectu\u00e9e dans le respect des lois et des r\u00e9glementations applicables.<\/p>\n<h3>3. Avec qui pouvons-nous partager vos donn\u00e9es personnelles<\/h3>\n<p>Nous pouvons \u00eatre amen\u00e9s \u00e0 partager vos donn\u00e9es personnelles avec les destinataires suivants, pour autant que cela soit l\u00e9galement autoris\u00e9 ou requis :<\/p>\n<ul>\n<li>Autorit\u00e9s administratives<\/li>\n<li>Autres utilisateurs de nos services, avec votre accord<\/li>\n<li>Auditeurs ou conseillers juridiques.<\/li>\n<\/ul>\n<p>Il se peut que nous soyons amen\u00e9s \u00e0 transf\u00e9rer vos donn\u00e9es personnelles en dehors du territoire suisse. Lorsque le transfert a lieu vers un pays ou un territoire n\u2019offrant pas un niveau de protection des donn\u00e9es personnelles appropri\u00e9 au regard des dispositions l\u00e9gales applicables, soit en particulier du RGPD et de la LPD, le transfert et le traitement des donn\u00e9es sont assortis de dispositifs de s\u00e9curit\u00e9 appropri\u00e9s, en particulier de clauses contractuelles standard ou ad hoc. Nous pouvons fournir, sur demande, une copie des dispositifs de s\u00e9curit\u00e9 mis en \u0153uvre.<\/p>\n<h3>4. Durant combien de temps conservons-nous vos donn\u00e9es personnelles ?<\/h3>\n<p>Nous conservons les donn\u00e9es collect\u00e9es aussi longtemps que n\u00e9cessaire \u00e0 l\u2019ex\u00e9cution d\u2019obligations contractuelles, l\u00e9gales ou r\u00e8glementaires. En g\u00e9n\u00e9ral, cela signifie que les donn\u00e9es sont conserv\u00e9es durant la relation contractuelle.<\/p>\n<h3>5. Quels sont vos droits en mati\u00e8re de protection des donn\u00e9es ?<\/h3>\n<p>En fonction des lois en mati\u00e8re de protection des donn\u00e9es applicables \u00e0 votre cas, vous disposez des droits suivants :<\/p>\n<ul>\n<li>Droit d\u2019acc\u00e8s, soit celui d\u2019obtenir des informations sur le traitement de vos donn\u00e9es personnelles et demander \u00e0 recevoir une copie de ces donn\u00e9es<\/li>\n<li>Droit de rectification, soit celui de demander une modification de vos donn\u00e9es personnelles si vous estimez qu\u2019elles sont incompl\u00e8tes ou inexactes<\/li>\n<li>Droit \u00e0 l\u2019effacement, soit celui de demander la suppression de vos donn\u00e9es \u00e0 caract\u00e8re personnel dans la mesure o\u00f9 la loi le permet<\/li>\n<li>Droit \u00e0 la limitation du traitement, soit celui de demander la limitation du traitement de vos donn\u00e9es \u00e0 caract\u00e8re personnel<\/li>\n<li>Droit d\u2019opposition, soit celui de vous opposer au traitement de vos donn\u00e9es \u00e0 caract\u00e8re personnel pour des motifs li\u00e9s \u00e0 votre situation particuli\u00e8re<\/li>\n<li>Droit de retirer votre consentement, soit celui de retirer en tout temps votre consentement au traitement de vos donn\u00e9es personnelles<\/li>\n<li>Droit \u00e0 la portabilit\u00e9 des donn\u00e9es, soit celui, dans la mesure o\u00f9 la loi le permet, de demander la restitution des donn\u00e9es \u00e0 caract\u00e8re personnel que vous nous avez fournies dans un format exploitable ou, lorsque cela est techniquement possible, leur transfert \u00e0 un tiers<\/li>\n<li>Droit de d\u00e9poser une r\u00e9clamation, aupr\u00e8s de l\u2019autorit\u00e9 de surveillance comp\u00e9tente.<\/li>\n<\/ul>\n<p>M\u00eame en cas d\u2019opposition de votre part au traitement des donn\u00e9es personnelles, nous pouvons poursuivre le traitement si ce dernier est (i) exig\u00e9 par la loi, (ii) n\u00e9cessaire \u00e0 l\u2019ex\u00e9cution d\u2019un contrat auquel vous \u00eates partie, (iii) n\u00e9cessaire \u00e0 l\u2019ex\u00e9cution d\u2019une t\u00e2che effectu\u00e9e \u00e0 des fins d\u2019int\u00e9r\u00eat public, ou (iv) n\u00e9cessaire aux fins des int\u00e9r\u00eats l\u00e9gitimes que nous poursuivons, y compris le constat, l\u2019exercice ou la d\u00e9fense de pr\u00e9tentions juridiques.<\/p>\n<p>Pour toute information compl\u00e9mentaire ou si vous souhaitez exercer les droits susmentionn\u00e9s, nous vous prions de prendre contact avec notre d\u00e9l\u00e9gu\u00e9 \u00e0 la protection des donn\u00e9es (<a href=\"https:\/\/app.rez-care.com\/dpo@alrix.fr\">dpo@alrix.fr<\/a>).<\/p>\n<\/div>\n<\/section>\n<p>[\/et_pb_text][\/et_pb_column][\/et_pb_row][\/et_pb_section]<\/p>\n","protected":false},"excerpt":{"rendered":"<p>1. Quelles donn\u00e9es collectons-nous ? En fonction du type de service offert, REZ-CARE S\u00e0rl, dont le si\u00e8ge est sis Rue Jean-F. Bartholoni 6, c\/o Tal Schibler, avocat, DGE Avocats, 1204 Gen\u00e8ve, (ci-apr\u00e8s, \u00ab nous \u00bb) peut collecter et traiter les donn\u00e9es suivantes : Informations personnelles, notamment nom, pr\u00e9nom, adresse postale et \u00e9lectronique, num\u00e9ro de t\u00e9l\u00e9phone, [&hellip;]<\/p>\n","protected":false},"author":1,"featured_media":0,"parent":0,"menu_order":0,"comment_status":"closed","ping_status":"closed","template":"","meta":{"_et_pb_use_builder":"on","_et_pb_old_content":"","_et_gb_content_width":"","footnotes":""},"class_list":["post-28979","page","type-page","status-publish","hentry"],"yoast_head":"<!-- This site is optimized with the Yoast SEO plugin v27.4 - https:\/\/yoast.com\/product\/yoast-seo-wordpress\/ -->\n<title>GDPR - rez-care.com<\/title>\n<meta name=\"robots\" content=\"index, follow, max-snippet:-1, max-image-preview:large, max-video-preview:-1\" \/>\n<link rel=\"canonical\" href=\"https:\/\/rez-care.com\/en\/gdpr-2\/\" \/>\n<meta property=\"og:locale\" content=\"en_GB\" \/>\n<meta property=\"og:type\" content=\"article\" \/>\n<meta property=\"og:title\" content=\"GDPR - rez-care.com\" \/>\n<meta property=\"og:description\" content=\"1. Quelles donn\u00e9es collectons-nous ? En fonction du type de service offert, REZ-CARE S\u00e0rl, dont le si\u00e8ge est sis Rue Jean-F. Bartholoni 6, c\/o Tal Schibler, avocat, DGE Avocats, 1204 Gen\u00e8ve, (ci-apr\u00e8s, \u00ab nous \u00bb) peut collecter et traiter les donn\u00e9es suivantes : Informations personnelles, notamment nom, pr\u00e9nom, adresse postale et \u00e9lectronique, num\u00e9ro de t\u00e9l\u00e9phone, [&hellip;]\" \/>\n<meta property=\"og:url\" content=\"https:\/\/rez-care.com\/en\/gdpr-2\/\" \/>\n<meta property=\"og:site_name\" content=\"rez-care.com\" \/>\n<meta property=\"article:modified_time\" content=\"2024-02-27T10:29:22+00:00\" \/>\n<meta name=\"twitter:card\" content=\"summary_large_image\" \/>\n<script type=\"application\/ld+json\" class=\"yoast-schema-graph\">{\"@context\":\"https:\\\/\\\/schema.org\",\"@graph\":[{\"@type\":\"WebPage\",\"@id\":\"https:\\\/\\\/rez-care.com\\\/gdpr-2\\\/\",\"url\":\"https:\\\/\\\/rez-care.com\\\/gdpr-2\\\/\",\"name\":\"GDPR - rez-care.com\",\"isPartOf\":{\"@id\":\"https:\\\/\\\/rez-care.com\\\/#website\"},\"datePublished\":\"2024-02-08T16:54:21+00:00\",\"dateModified\":\"2024-02-27T10:29:22+00:00\",\"breadcrumb\":{\"@id\":\"https:\\\/\\\/rez-care.com\\\/gdpr-2\\\/#breadcrumb\"},\"inLanguage\":\"en-GB\",\"potentialAction\":[{\"@type\":\"ReadAction\",\"target\":[\"https:\\\/\\\/rez-care.com\\\/gdpr-2\\\/\"]}]},{\"@type\":\"BreadcrumbList\",\"@id\":\"https:\\\/\\\/rez-care.com\\\/gdpr-2\\\/#breadcrumb\",\"itemListElement\":[{\"@type\":\"ListItem\",\"position\":1,\"name\":\"Accueil\",\"item\":\"https:\\\/\\\/rez-care.com\\\/\"},{\"@type\":\"ListItem\",\"position\":2,\"name\":\"GDPR\"}]},{\"@type\":\"WebSite\",\"@id\":\"https:\\\/\\\/rez-care.com\\\/#website\",\"url\":\"https:\\\/\\\/rez-care.com\\\/\",\"name\":\"La plateforme rez-care.com\",\"description\":\"Pr\u00e9vention des risques psychosociaux et harc\u00e8lement au travail\",\"publisher\":{\"@id\":\"https:\\\/\\\/rez-care.com\\\/#organization\"},\"potentialAction\":[{\"@type\":\"SearchAction\",\"target\":{\"@type\":\"EntryPoint\",\"urlTemplate\":\"https:\\\/\\\/rez-care.com\\\/?s={search_term_string}\"},\"query-input\":{\"@type\":\"PropertyValueSpecification\",\"valueRequired\":true,\"valueName\":\"search_term_string\"}}],\"inLanguage\":\"en-GB\"},{\"@type\":\"Organization\",\"@id\":\"https:\\\/\\\/rez-care.com\\\/#organization\",\"name\":\"La plateforme rez-care.com\",\"url\":\"https:\\\/\\\/rez-care.com\\\/\",\"logo\":{\"@type\":\"ImageObject\",\"inLanguage\":\"en-GB\",\"@id\":\"https:\\\/\\\/rez-care.com\\\/#\\\/schema\\\/logo\\\/image\\\/\",\"url\":\"https:\\\/\\\/rez-care.com\\\/wp-content\\\/uploads\\\/2024\\\/02\\\/logo.png\",\"contentUrl\":\"https:\\\/\\\/rez-care.com\\\/wp-content\\\/uploads\\\/2024\\\/02\\\/logo.png\",\"width\":222,\"height\":227,\"caption\":\"La plateforme rez-care.com\"},\"image\":{\"@id\":\"https:\\\/\\\/rez-care.com\\\/#\\\/schema\\\/logo\\\/image\\\/\"}}]}<\/script>\n<!-- \/ Yoast SEO plugin. -->","yoast_head_json":{"title":"GDPR - rez-care.com","robots":{"index":"index","follow":"follow","max-snippet":"max-snippet:-1","max-image-preview":"max-image-preview:large","max-video-preview":"max-video-preview:-1"},"canonical":"https:\/\/rez-care.com\/en\/gdpr-2\/","og_locale":"en_GB","og_type":"article","og_title":"GDPR - rez-care.com","og_description":"1. Quelles donn\u00e9es collectons-nous ? En fonction du type de service offert, REZ-CARE S\u00e0rl, dont le si\u00e8ge est sis Rue Jean-F. Bartholoni 6, c\/o Tal Schibler, avocat, DGE Avocats, 1204 Gen\u00e8ve, (ci-apr\u00e8s, \u00ab nous \u00bb) peut collecter et traiter les donn\u00e9es suivantes : Informations personnelles, notamment nom, pr\u00e9nom, adresse postale et \u00e9lectronique, num\u00e9ro de t\u00e9l\u00e9phone, [&hellip;]","og_url":"https:\/\/rez-care.com\/en\/gdpr-2\/","og_site_name":"rez-care.com","article_modified_time":"2024-02-27T10:29:22+00:00","twitter_card":"summary_large_image","schema":{"@context":"https:\/\/schema.org","@graph":[{"@type":"WebPage","@id":"https:\/\/rez-care.com\/gdpr-2\/","url":"https:\/\/rez-care.com\/gdpr-2\/","name":"GDPR - rez-care.com","isPartOf":{"@id":"https:\/\/rez-care.com\/#website"},"datePublished":"2024-02-08T16:54:21+00:00","dateModified":"2024-02-27T10:29:22+00:00","breadcrumb":{"@id":"https:\/\/rez-care.com\/gdpr-2\/#breadcrumb"},"inLanguage":"en-GB","potentialAction":[{"@type":"ReadAction","target":["https:\/\/rez-care.com\/gdpr-2\/"]}]},{"@type":"BreadcrumbList","@id":"https:\/\/rez-care.com\/gdpr-2\/#breadcrumb","itemListElement":[{"@type":"ListItem","position":1,"name":"Accueil","item":"https:\/\/rez-care.com\/"},{"@type":"ListItem","position":2,"name":"GDPR"}]},{"@type":"WebSite","@id":"https:\/\/rez-care.com\/#website","url":"https:\/\/rez-care.com\/","name":"La plateforme rez-care.com","description":"Pr\u00e9vention des risques psychosociaux et harc\u00e8lement au travail","publisher":{"@id":"https:\/\/rez-care.com\/#organization"},"potentialAction":[{"@type":"SearchAction","target":{"@type":"EntryPoint","urlTemplate":"https:\/\/rez-care.com\/?s={search_term_string}"},"query-input":{"@type":"PropertyValueSpecification","valueRequired":true,"valueName":"search_term_string"}}],"inLanguage":"en-GB"},{"@type":"Organization","@id":"https:\/\/rez-care.com\/#organization","name":"La plateforme rez-care.com","url":"https:\/\/rez-care.com\/","logo":{"@type":"ImageObject","inLanguage":"en-GB","@id":"https:\/\/rez-care.com\/#\/schema\/logo\/image\/","url":"https:\/\/rez-care.com\/wp-content\/uploads\/2024\/02\/logo.png","contentUrl":"https:\/\/rez-care.com\/wp-content\/uploads\/2024\/02\/logo.png","width":222,"height":227,"caption":"La plateforme rez-care.com"},"image":{"@id":"https:\/\/rez-care.com\/#\/schema\/logo\/image\/"}}]}},"_links":{"self":[{"href":"https:\/\/rez-care.com\/en\/wp-json\/wp\/v2\/pages\/28979","targetHints":{"allow":["GET"]}}],"collection":[{"href":"https:\/\/rez-care.com\/en\/wp-json\/wp\/v2\/pages"}],"about":[{"href":"https:\/\/rez-care.com\/en\/wp-json\/wp\/v2\/types\/page"}],"author":[{"embeddable":true,"href":"https:\/\/rez-care.com\/en\/wp-json\/wp\/v2\/users\/1"}],"replies":[{"embeddable":true,"href":"https:\/\/rez-care.com\/en\/wp-json\/wp\/v2\/comments?post=28979"}],"version-history":[{"count":4,"href":"https:\/\/rez-care.com\/en\/wp-json\/wp\/v2\/pages\/28979\/revisions"}],"predecessor-version":[{"id":29322,"href":"https:\/\/rez-care.com\/en\/wp-json\/wp\/v2\/pages\/28979\/revisions\/29322"}],"wp:attachment":[{"href":"https:\/\/rez-care.com\/en\/wp-json\/wp\/v2\/media?parent=28979"}],"curies":[{"name":"wp","href":"https:\/\/api.w.org\/{rel}","templated":true}]}}